{"id":40,"date":"2018-02-22T15:09:19","date_gmt":"2018-02-22T18:09:19","guid":{"rendered":"http:\/\/glaucomainstituto.com.br\/paciente\/?page_id=40"},"modified":"2018-03-05T15:15:10","modified_gmt":"2018-03-05T18:15:10","slug":"unidades-de-atendimento","status":"publish","type":"page","link":"https:\/\/glaucomainstituto.com.br\/paciente\/unidades-de-atendimento\/","title":{"rendered":"Unidades de atendimento"},"content":{"rendered":"<p><span class=\"box-destaque\"><em>&#8220;Trabalhamos com todos os avan\u00e7os tecnol\u00f3gicos na \u00e1rea de oftalmologia cl\u00ednica e cir\u00fargica &#8211; foco principal em Glaucoma e Catarata.<\/em><\/span><\/p>\n<p><span class=\"box-destaque\"><em> O atendimento personalizado \u00e9 o nosso diferencial. <\/em><\/span><\/p>\n<p><span class=\"box-destaque\"><em>S\u00e3o poucos agendamentos por dia, o que permite consultas bem detalhadas (separe um tempo a mais para ficar conosco).&#8221;<\/em><\/span><\/p>\n<p>No GLAUCOMA INSTITUTO focamos principalmente no atendimento personalizado ao paciente com dist\u00farbios da vis\u00e3o. O que isso significa? Al\u00e9m de trabalharmos com todos os avan\u00e7os tecnol\u00f3gicos na \u00e1rea de oftalmologia cl\u00ednica e cir\u00fargica, temos a qualidade de atendimento como nossa principal meta.<\/p>\n<p>Por isso, atendemos poucos pacientes por dia, de modo a oferecer um servi\u00e7o totalmente individualizado de acordo com a condi\u00e7\u00e3o de cada paciente. Nesse contexto, sempre orientamos nossos pacientes a separar um tempo a mais para ficar conosco, j\u00e1 que as consultas s\u00e3o mais detalhadas e, portanto, levam mais tempo que outras consultas de rotina.<\/p>\n","protected":false},"excerpt":{"rendered":"<p>&#8220;Trabalhamos com todos os avan\u00e7os tecnol\u00f3gicos na \u00e1rea de oftalmologia cl\u00ednica e cir\u00fargica &#8211; foco principal em Glaucoma e Catarata. O atendimento personalizado \u00e9 o nosso diferencial. S\u00e3o poucos agendamentos por dia, o que permite consultas bem detalhadas (separe um tempo a mais para ficar conosco).&#8221; No GLAUCOMA INSTITUTO focamos principalmente no atendimento personalizado ao [&hellip;]<\/p>\n","protected":false},"author":1,"featured_media":0,"parent":0,"menu_order":0,"comment_status":"closed","ping_status":"closed","template":"","meta":{"footnotes":""},"class_list":["post-40","page","type-page","status-publish","hentry"],"_links":{"self":[{"href":"https:\/\/glaucomainstituto.com.br\/paciente\/wp-json\/wp\/v2\/pages\/40","targetHints":{"allow":["GET"]}}],"collection":[{"href":"https:\/\/glaucomainstituto.com.br\/paciente\/wp-json\/wp\/v2\/pages"}],"about":[{"href":"https:\/\/glaucomainstituto.com.br\/paciente\/wp-json\/wp\/v2\/types\/page"}],"author":[{"embeddable":true,"href":"https:\/\/glaucomainstituto.com.br\/paciente\/wp-json\/wp\/v2\/users\/1"}],"replies":[{"embeddable":true,"href":"https:\/\/glaucomainstituto.com.br\/paciente\/wp-json\/wp\/v2\/comments?post=40"}],"version-history":[{"count":9,"href":"https:\/\/glaucomainstituto.com.br\/paciente\/wp-json\/wp\/v2\/pages\/40\/revisions"}],"predecessor-version":[{"id":289,"href":"https:\/\/glaucomainstituto.com.br\/paciente\/wp-json\/wp\/v2\/pages\/40\/revisions\/289"}],"wp:attachment":[{"href":"https:\/\/glaucomainstituto.com.br\/paciente\/wp-json\/wp\/v2\/media?parent=40"}],"curies":[{"name":"wp","href":"https:\/\/api.w.org\/{rel}","templated":true}]}}